{"id":118,"date":"2025-02-02T21:13:18","date_gmt":"2025-02-02T21:13:18","guid":{"rendered":"https:\/\/jokertaxi-sh.ch\/?page_id=118"},"modified":"2025-02-02T21:19:35","modified_gmt":"2025-02-02T21:19:35","slug":"kontaktieren-sie-uns","status":"publish","type":"page","link":"https:\/\/jokertaxi-sh.ch\/?page_id=118","title":{"rendered":"Kontaktieren Sie uns"},"content":{"rendered":"\n<p>Sie wollen uns Kontaktieren, uns was mitteilen, Reklamationen oder m\u00f6chten Sie einfach eine Offerte f\u00fcr ein Taxifahrt haben, f\u00fcllen Sie untenstehende Formular aus, wir werden Sie schnell als m\u00f6glich Kontaktieren.<\/p>\n\n\n\t<div id=\"respond\" class=\"comment-respond wp-block-post-comments-form\">\n\t\t<h3 id=\"reply-title\" class=\"comment-reply-title\">Schreibe einen Kommentar <small><a rel=\"nofollow\" id=\"cancel-comment-reply-link\" href=\"\/index.php?rest_route=%2Fwp%2Fv2%2Fpages%2F118#respond\" style=\"display:none;\">Antwort abbrechen<\/a><\/small><\/h3><form action=\"https:\/\/jokertaxi-sh.ch\/wp-comments-post.php\" method=\"post\" id=\"commentform\" class=\"comment-form\"><p class=\"comment-notes\"><span id=\"email-notes\">Deine E-Mail-Adresse wird nicht ver\u00f6ffentlicht.<\/span> <span class=\"required-field-message\">Erforderliche Felder sind mit <span class=\"required\">*<\/span> markiert<\/span><\/p><p class=\"comment-form-comment\"><label for=\"comment\">Kommentar <span class=\"required\">*<\/span><\/label> <textarea id=\"comment\" name=\"comment\" cols=\"45\" rows=\"8\" maxlength=\"65525\" required><\/textarea><\/p><p class=\"comment-form-author\"><label for=\"author\">Name <span class=\"required\">*<\/span><\/label> <input id=\"author\" name=\"author\" type=\"text\" value=\"\" size=\"30\" maxlength=\"245\" autocomplete=\"name\" required \/><\/p>\n<p class=\"comment-form-email\"><label for=\"email\">E-Mail-Adresse <span class=\"required\">*<\/span><\/label> <input id=\"email\" name=\"email\" type=\"email\" value=\"\" size=\"30\" maxlength=\"100\" aria-describedby=\"email-notes\" autocomplete=\"email\" required \/><\/p>\n<p class=\"comment-form-url\"><label for=\"url\">Website<\/label> <input id=\"url\" name=\"url\" type=\"url\" value=\"\" size=\"30\" maxlength=\"200\" autocomplete=\"url\" \/><\/p>\n<p class=\"comment-form-cookies-consent\"><input id=\"wp-comment-cookies-consent\" name=\"wp-comment-cookies-consent\" type=\"checkbox\" value=\"yes\" \/> <label for=\"wp-comment-cookies-consent\">Meinen Namen, meine E-Mail-Adresse und meine Website in diesem Browser f\u00fcr die n\u00e4chste Kommentierung speichern.<\/label><\/p>\n<p class=\"form-submit wp-block-button\"><input name=\"submit\" type=\"submit\" id=\"submit\" class=\"wp-block-button__link wp-element-button\" value=\"Kommentar abschicken\" \/> <input type='hidden' name='comment_post_ID' value='118' id='comment_post_ID' \/>\n<input type='hidden' name='comment_parent' id='comment_parent' value='0' \/>\n<\/p><p style=\"display: none !important;\" class=\"akismet-fields-container\" data-prefix=\"ak_\"><label>&#916;<textarea name=\"ak_hp_textarea\" cols=\"45\" rows=\"8\" maxlength=\"100\"><\/textarea><\/label><input type=\"hidden\" id=\"ak_js_1\" name=\"ak_js\" value=\"15\"\/><script>document.getElementById( \"ak_js_1\" ).setAttribute( \"value\", ( new Date() ).getTime() );<\/script><\/p><\/form>\t<\/div><!-- #respond -->\n\t","protected":false},"excerpt":{"rendered":"<p>Sie wollen uns Kontaktieren, uns was mitteilen, Reklamationen oder m\u00f6chten Sie einfach eine Offerte f\u00fcr ein Taxifahrt haben, f\u00fcllen Sie untenstehende Formular aus, wir werden Sie schnell als m\u00f6glich Kontaktieren.<\/p>\n","protected":false},"author":1,"featured_media":0,"parent":0,"menu_order":0,"comment_status":"open","ping_status":"closed","template":"","meta":{"footnotes":""},"class_list":["post-118","page","type-page","status-publish","hentry"],"aioseo_notices":[],"_links":{"self":[{"href":"https:\/\/jokertaxi-sh.ch\/index.php?rest_route=\/wp\/v2\/pages\/118","targetHints":{"allow":["GET"]}}],"collection":[{"href":"https:\/\/jokertaxi-sh.ch\/index.php?rest_route=\/wp\/v2\/pages"}],"about":[{"href":"https:\/\/jokertaxi-sh.ch\/index.php?rest_route=\/wp\/v2\/types\/page"}],"author":[{"embeddable":true,"href":"https:\/\/jokertaxi-sh.ch\/index.php?rest_route=\/wp\/v2\/users\/1"}],"replies":[{"embeddable":true,"href":"https:\/\/jokertaxi-sh.ch\/index.php?rest_route=%2Fwp%2Fv2%2Fcomments&post=118"}],"version-history":[{"count":2,"href":"https:\/\/jokertaxi-sh.ch\/index.php?rest_route=\/wp\/v2\/pages\/118\/revisions"}],"predecessor-version":[{"id":121,"href":"https:\/\/jokertaxi-sh.ch\/index.php?rest_route=\/wp\/v2\/pages\/118\/revisions\/121"}],"wp:attachment":[{"href":"https:\/\/jokertaxi-sh.ch\/index.php?rest_route=%2Fwp%2Fv2%2Fmedia&parent=118"}],"curies":[{"name":"wp","href":"https:\/\/api.w.org\/{rel}","templated":true}]}}