{"id":27,"date":"2025-02-01T11:39:49","date_gmt":"2025-02-01T11:39:49","guid":{"rendered":"https:\/\/jokertaxi-sh.ch\/?page_id=27"},"modified":"2025-03-06T21:53:26","modified_gmt":"2025-03-06T21:53:26","slug":"joker-taxi-schaffhausen","status":"publish","type":"page","link":"https:\/\/jokertaxi-sh.ch\/","title":{"rendered":"Joker Taxi Schaffhausen ist Ihr Taxi"},"content":{"rendered":"\n<p>bestellen &#8211; einsteigen &#8211; losfahren<\/p>\n\n\n\n<p>Ihr Taxi in und um Schaffhausen f\u00fcr Taxifahrten, Kurier Taxi, Flughafen Service, Einkauf Service und mehr. Rufen Sie uns direkt an.<mark style=\"background-color:#fff;color:#fb040c\" class=\"has-inline-color\"> <strong><a href=\"http:\/\/Tel.:+41762059999\">+41 76 205 99 99<\/a><\/strong><\/mark>, Joker Taxi Schaffhausen: Zuverl\u00e4ssig, P\u00fcnktlich und Sicher, jederzeit verf\u00fcgbar und 24\/7 f\u00fcr Sie unterwegs! Mit unseren Umweltfreundlichen Hybrid-Fahrzeugen kommen Sie sicher an, wir haben auch Gross-Taxi f\u00fcr 6 G\u00e4ste. Dienstleistungen, wie, Flughafen Taxiservice, Kurier Taxiservice, Stadtrundfahrten, Gross-Taxi f\u00fcr 6 G\u00e4ste<\/p>\n\n\n\n<div class=\"wp-block-group alignfull is-content-justification-space-between is-layout-flex wp-container-core-group-is-layout-83af0991 wp-block-group-is-layout-flex\" style=\"margin-top:0;margin-bottom:0;padding-top:var(--wp--preset--spacing--50);padding-right:var(--wp--preset--spacing--30);padding-bottom:var(--wp--preset--spacing--50);padding-left:var(--wp--preset--spacing--30)\">\n<div class=\"wp-block-group wp-container-content-9cfa9a5a is-vertical is-layout-flex wp-container-core-group-is-layout-2d729e81 wp-block-group-is-layout-flex\"><h1 class=\"wp-block-site-title has-medium-font-size\"><a href=\"https:\/\/jokertaxi-sh.ch\" target=\"_self\" rel=\"home\">Joker Taxi Schaffhausen               +41 76 205 99 99<\/a><\/h1>\n\n\n<p class=\"has-text-align-left\">Schaffhausen Bahnhof Taxistand<br>Tel.: +41 76 205 99 99<br>CH-8200 Schaffhausen<\/p>\n\n\n\n<p class=\"has-text-align-left has-small-font-size\">Proudly powered by Joker Taxi<\/p>\n\n\n\n<div style=\"height:0px\" aria-hidden=\"true\" class=\"wp-block-spacer wp-container-content-541a6b20\"><\/div>\n<\/div>\n\n\n\n<div class=\"wp-block-group is-content-justification-right is-layout-flex wp-container-core-group-is-layout-35d1f3ed wp-block-group-is-layout-flex\">\n<div class=\"wp-block-group is-vertical is-layout-flex wp-container-core-group-is-layout-fe9cc265 wp-block-group-is-layout-flex\">\n<p class=\"has-text-align-left\">Seiten<\/p>\n\n\n<nav class=\"has-small-font-size items-justified-left is-vertical no-wrap wp-block-navigation is-content-justification-left is-nowrap is-layout-flex wp-container-core-navigation-is-layout-09588ffd wp-block-navigation-is-layout-flex\" aria-label=\"Navigation\"><\/nav>\n\n\n<div style=\"height:0px\" aria-hidden=\"true\" class=\"wp-block-spacer wp-container-content-541a6b20\"><\/div>\n<\/div>\n\n\n\n<div class=\"wp-block-group is-vertical is-layout-flex wp-container-core-group-is-layout-fe9cc265 wp-block-group-is-layout-flex\">\n<p class=\"has-text-align-left\">Social<\/p>\n\n\n\n<div class=\"wp-block-group is-vertical is-content-justification-left is-layout-flex wp-container-core-group-is-layout-32091062 wp-block-group-is-layout-flex\">\n<p><a href=\"https:\/\/www.facebook.com\/jokertaxiSH\/\">Facebook<\/a><\/p>\n\n\n\n<p><a href=\"https:\/\/www.instagram.com\/jokertaxi\/\">I<\/a><a href=\"#\">nstagram<\/a><\/p>\n\n\n\n<p><\/p>\n<\/div>\n\n\n\n<div style=\"height:0px\" aria-hidden=\"true\" class=\"wp-block-spacer wp-container-content-541a6b20\"><\/div>\n<\/div>\n<\/div>\n<\/div>\n","protected":false},"excerpt":{"rendered":"<p>bestellen &#8211; einsteigen &#8211; losfahren Ihr Taxi in und um Schaffhausen f\u00fcr Taxifahrten, Kurier Taxi, Flughafen Service, Einkauf Service und mehr. Rufen Sie uns direkt an. +41 76 205 99 99, Joker Taxi Schaffhausen: Zuverl\u00e4ssig, P\u00fcnktlich und Sicher, jederzeit verf\u00fcgbar und 24\/7 f\u00fcr Sie unterwegs! Mit unseren Umweltfreundlichen Hybrid-Fahrzeugen kommen Sie sicher an, wir haben [&hellip;]<\/p>\n","protected":false},"author":1,"featured_media":0,"parent":0,"menu_order":0,"comment_status":"closed","ping_status":"closed","template":"","meta":{"footnotes":""},"class_list":["post-27","page","type-page","status-publish","hentry"],"aioseo_notices":[],"_links":{"self":[{"href":"https:\/\/jokertaxi-sh.ch\/index.php?rest_route=\/wp\/v2\/pages\/27","targetHints":{"allow":["GET"]}}],"collection":[{"href":"https:\/\/jokertaxi-sh.ch\/index.php?rest_route=\/wp\/v2\/pages"}],"about":[{"href":"https:\/\/jokertaxi-sh.ch\/index.php?rest_route=\/wp\/v2\/types\/page"}],"author":[{"embeddable":true,"href":"https:\/\/jokertaxi-sh.ch\/index.php?rest_route=\/wp\/v2\/users\/1"}],"replies":[{"embeddable":true,"href":"https:\/\/jokertaxi-sh.ch\/index.php?rest_route=%2Fwp%2Fv2%2Fcomments&post=27"}],"version-history":[{"count":8,"href":"https:\/\/jokertaxi-sh.ch\/index.php?rest_route=\/wp\/v2\/pages\/27\/revisions"}],"predecessor-version":[{"id":158,"href":"https:\/\/jokertaxi-sh.ch\/index.php?rest_route=\/wp\/v2\/pages\/27\/revisions\/158"}],"wp:attachment":[{"href":"https:\/\/jokertaxi-sh.ch\/index.php?rest_route=%2Fwp%2Fv2%2Fmedia&parent=27"}],"curies":[{"name":"wp","href":"https:\/\/api.w.org\/{rel}","templated":true}]}}