{"id":38,"date":"2025-02-01T12:38:58","date_gmt":"2025-02-01T12:38:58","guid":{"rendered":"https:\/\/jokertaxi-sh.ch\/?page_id=38"},"modified":"2025-02-02T19:09:24","modified_gmt":"2025-02-02T19:09:24","slug":"joker-taxi-datenschutzerklaerung","status":"publish","type":"page","link":"https:\/\/jokertaxi-sh.ch\/?page_id=38","title":{"rendered":"Joker Taxi &#8211; Datenschutzerkl\u00e4rung"},"content":{"rendered":"\n<p>DATENSCHUTZERKL\u00c4RUNG<\/p>\n\n\n\n<p>Der Datenschutz ist f\u00fcr uns sehr wichtig. Nachstehend informieren wir Sie \u00fcber den Umgang mit Ihren Daten.<\/p>\n\n\n\n<p>Soweit nachfolgend keine anderen Angaben gemacht werden, ist das Bereitstellen Ihrer personenbezogenen Daten weder gesetzlich noch vertraglich vorgeschrieben. Sie sind nicht verpflichtet, Ihre Daten bereitzustellen und eine Nichtbereitstellung hat keine Folgen. Dies gilt nur, soweit bei den nachfolgenden Verarbeitungsvorg\u00e4ngen keine anderweitige Angabe gemacht wird. Unter \u201epersonenbezogenen Daten\u201c verstehen wir alle Informationen, die sich auf eine identifizierte oder identifizierbare nat\u00fcrliche Person beziehen. Unsere Firma als Betreiberin dieser Webseite wird nachfolgend auch als \u201eBetreiberin\u201c oder \u201eWebseitenbetreiberin\u201c bezeichnet.<\/p>\n\n\n\n<p>Server-Logfiles<\/p>\n\n\n\n<p>Unsere Webseite k\u00f6nnen Sie ohne Angaben zu Ihrer Person besuchen. Bei jedem Besuch auf unserer Webseite werden an uns oder unseren Webhoster\/IT-Dienstleister Nutzungsdaten durch Ihren Internet-Browser \u00fcbermittelt und in Server-Logfiles gespeichert. Zu diesen gespeicherten Daten z\u00e4hlen beispielsweise der Name der aufgerufenen Seite, Datum und Uhrzeit des Abrufs, die IP-Adresse, die \u00fcbertragene Datenmenge und der anfragende Provider. Die Verarbeitung erfolgt auf Grundlage des Art. 6 Abs. 1 lit. f DSGVO aus unserem berechtigten Interesse an der Gew\u00e4hrleistung eines st\u00f6rungsfreien Betriebs unserer Webseite sowie zur Verbesserung unseres Angebots.<\/p>\n\n\n\n<p>Erhebung und Verarbeitung personenbezogener Daten \u00fcber unsere Webseite<\/p>\n\n\n\n<p>Auf unserer Webseite haben Sie die M\u00f6glichkeit, durch Angabe personenbezogener Daten mit uns in Kontakt zu treten und von uns angebotene Services (z.B. KONTAKTIEREN SIE UNS) in Anspruch zu nehmen. Wir nehmen alle Daten nur in dem von Ihnen zur Verf\u00fcgung gestellten Umfang auf. Mit dem Versand der personenbezogenen Kontaktdaten und Nachrichten willigen Sie in die Verarbeitung der \u00fcbermittelten Daten auf Grundlage des Art. 6 Abs. 1 lit. a DSGVO ein.<\/p>\n\n\n\n<p>Geben Sie uns personenbezogene Daten von Drittpersonen weiter, bitten wir Sie explizit um Ihre Einwilligung zur Speicherung und Verarbeitung dieser Daten. Sie sowie die Personen, deren personenbezogene Daten Sie an uns weitergegeben haben, haben das jederzeitige Widerrufsrecht f\u00fcr Ihre Einwilligung zur Verarbeitung der Personendaten, ohne dass die Rechtm\u00e4ssigkeit der aufgrund der Einwilligung bis zum Widerruf erfolgten Verarbeitung ber\u00fchrt wird.<\/p>\n\n\n\n<p>Ihre Daten k\u00f6nnen durch uns auch f\u00fcr die \u00dcbersendung von Info-, Werbe- und Marketingmaterial genutzt werden. Sie werden jedoch nicht f\u00fcr Werbe- und Marketingzwecke an Dritte weitergegeben oder ver\u00f6ffentlicht.<\/p>\n\n\n\n<p>Die \u00dcbersendung von Info-, Werbe- und Marketingmaterial k\u00f6nnen Sie jederzeit abbestellen, indem Sie im Email den entsprechenden Link benutzen oder uns eine entsprechende Mitteilung zukommen lassen. Unsere Kontaktdaten finden Sie ganz am Ende dieser Datenschutzerkl\u00e4rung.<\/p>\n\n\n\n<p>Auf unserer Webseite haben Sie die M\u00f6glichkeit, auf Links von Partnerfirmen oder Institutionen zu klicken und so auf deren Webseite weitergeleitet zu werden. Wir haben keinen Einfluss auf und kein Wissen \u00fcber die Art und Weise wie Personendaten auf jenen Webseiten gesammelt und gespeichert werden. Beachten Sie daher die Hinweise und Datenschutzrichtlinien auf den jeweiligen Webseiten und wenden Sie sich bei Fragen direkt an die dort genannten Ansprechpersonen.<\/p>\n\n\n\n<p>Cookies<\/p>\n\n\n\n<p>Einige unserer Seiten verwenden Cookies. Cookies sind kleine Textdateien, die automatisch auf Ihrem Computer gespeichert werden. Cookies helfen, die Webseite benutzerfreundlicher, effizienter und sicherer zu machen. Die meisten Cookies sind sogenannte Session-Cookies, die nach dem Besuch auf unserer Webseite gel\u00f6scht werden. Andere Cookies dagegen bleiben auf Ihrem Computer gespeichert, bis Sie sie l\u00f6schen. Diese Cookies erlauben die Identifikation Ihres Webbrowsers, wenn Sie unsere Webseite das n\u00e4chste Mal besuchen. Sie k\u00f6nnen Ihren Webbrowser so konfigurieren, dass Sie \u00fcber das Setzen von Cookies informiert werden und im Einzelfall \u00fcber deren Annahme oder Ablehnung sowie generelle Ausschliessung entscheiden k\u00f6nnen. Die Webbrowser unterscheiden sich in der Art, wie sie Cookie-Einstellungen verwalten. F\u00fcr Informationen und Cookie-Einstellungen in den jeweiligen Webbrowsern folgen Sie bitte den entsprechenden Links:<\/p>\n\n\n\n<p>Internet Explorer\u2122: https:\/\/windows.microsoft.com\/de-DE\/windows-vista\/Block-or-allow-cookies<\/p>\n\n\n\n<p>Safari\u2122: https:\/\/support.apple.com\/kb\/ph21411?locale=de_DE<\/p>\n\n\n\n<p>Chrome\u2122: https:\/\/support.google.com\/chrome\/bin\/answer.py?hl=de&amp;hlrm=en&amp;answer=95647<\/p>\n\n\n\n<p>Firefox\u2122 https:\/\/support.mozilla.org\/de\/kb\/cookies-erlauben-und-ablehnen<\/p>\n\n\n\n<p>Opera\u2122 : https:\/\/help.opera.com\/Windows\/10.20\/de\/cookies.html<\/p>\n\n\n\n<p>Nutzung von Google Analytics<\/p>\n\n\n\n<p>Unsere Webseite verwendet den Webanalysedienst Google Analytics der Google Inc. (1600 Amphitheatre Parkway, Mountain View, CA 94043, USA; \u201eGoogle\u201c). Wir gewinnen dadurch Aufschluss \u00fcber das Nutzerverhalten auf unserer Seite und k\u00f6nnen unsere Webseite und unsere Angebote entsprechend anpassen. Google wird hierf\u00fcr von der Betreiberin dieser Webseite beauftragt, die gewonnen Informationen \u00fcber Ihre Nutzung unserer Webseite auszuwerten, um daraus Reports \u00fcber die Webseitenaktivit\u00e4ten zu erstellen und weitere mit der Webseiten und Internetnutzung verbundene Dienstleistungen gegen\u00fcber der Webseitenbetreiberin zu erbringen. Ihre IP-Adresse, die beim Besuch unserer Webseite an Google Analytics \u00fcbermittelt wird, wird nicht mit anderen Daten von Google zusammengef\u00fchrt. Google Analytics verwendet f\u00fcr die Analyse der Webseitennutzung sogenannte Cookies, die in der Regel an Server von Google in den USA \u00fcbermittelt und auf ihnen gespeichert werden. Dabei wird Ihre IP-Adresse innerhalb von Mitgliedstaaten der Europ\u00e4ischen Union oder in anderen Vertragsstaaten des Abkommens \u00fcber den Europ\u00e4ischen Wirtschaftsraum vor der \u00dcbertragung in die USA gek\u00fcrzt und somit anonymisiert. Nur in Ausnahmef\u00e4llen gelangt die vollst\u00e4ndige IP-Adresse an Google Server in den USA und wird dort gek\u00fcrzt. F\u00fcr Daten\u00fcbermittlungen in die USA ist ein Angemessenheitsbeschluss der Europ\u00e4ischen Kommission vorhanden. Die Verarbeitung erfolgt auf Grundlage des Art. 6 Abs. 1 lit. f DSGVO aus dem berechtigten Interesse an der bedarfsgerechten und zielgerichteten Gestaltung der Webseite.<\/p>\n\n\n\n<p>Sie haben das Recht, jederzeit dieser auf Art. 6&nbsp; Abs.1 lit. f DSGVO beruhenden Verarbeitung Sie betreffender personenbezogener Daten zu widersprechen.<\/p>\n\n\n\n<p>Sie haben die M\u00f6glichkeit, durch entsprechende Einstellungen in Ihrer Webbrowser-Software das Speichern von Cookies zu verhindern. Allerdings kann dies zu Einschr\u00e4nkungen bei der Benutzung gewisser Funktionen auf unserer Webseite f\u00fchren. Mit dem folgenden Tool (https:\/\/tools.google.com\/dlpage\/gaoptout?hl=de) k\u00f6nnen Sie die Erfassung, \u00dcbermittlung und Verarbeitung Ihrer Nutzungsdaten (inkl. IP-Adresse) mittels Cookies verhindern.<\/p>\n\n\n\n<p>Weitere Informationen zum Datenschutz und zu den Nutzungsbedingungen von Google Analytics finden Sie unter https:\/\/www.google.de\/intl\/de\/policies\/ und https:\/\/www.google.com\/analytics\/terms\/de.html.<\/p>\n\n\n\n<p>Facebook Plug-In<\/p>\n\n\n\n<p>Unsere Webseite nutzt Funktionen von Facebook Inc., 1 Hacker Way, Menlo Park, CA 94025, USA. Das Facebook Plug-In erkennen Sie am Facebook Logo oder dem Like-Button auf der Webseite. Einen \u00dcberblick zu den Facebook Plug-Ins erhalten Sie unter https:\/\/developers.facebook.com\/docs\/plugins\/.<\/p>\n\n\n\n<p>Wenn Sie unsere Seite besuchen, wird via Plug-In eine direkte Verbindung zwischen Ihrem Webbrowser und dem Facebook Server hergestellt. Das gibt Facebook die M\u00f6glichkeit festzustellen, dass Sie mit Ihrer IP-Adresse unsere Webseite besucht haben. Wenn Sie auf den Like-Button klicken, w\u00e4hrend Sie in Ihren Facebook Account eingeloggt sind, kann Facebook Ihre Besuche auf unserer Webseite direkt Ihrem Facebook Account zuordnen. Dasselbe gilt, wenn Sie Inhalte auf unserer Webseite mit eingeloggtem Facebook Account anklicken oder verlinken.&nbsp; Beachten Sie, dass wir als Webseitenbetreiberin weder Kenntnisse \u00fcber Art und Inhalt der an Facebook \u00fcbermittelten Daten haben noch wissen, wie Facebook diese Daten verwertet. Weitere Informationen finden Sie in den Datenschutzrichtlinien von Facebook unter https:\/\/de-de.facebook.com\/policy.php.<\/p>\n\n\n\n<p>Wenn Sie nicht m\u00f6chten, dass Facebook Ihre Besuche auf unserer Webseite mit Ihrem Facebook Account in Verbindung bringt, loggen Sie sich bitte vor dem Besuch unserer Webseite aus Ihrem Facebook Account aus.<\/p>\n\n\n\n<p>Instagram Plug-In<\/p>\n\n\n\n<p>Unsere Webseite nutzt Funktionen von Instagram LLC, 1601 Willow Rd, Menlo Park, CA 94025, USA. Die Einbindung von Instagram auf unserer Webseite erkennen Sie am Like-Button und dem Instagram-Logo. Einen \u00dcberblick zum Instagram Plug-In und seinen Funktionen erhalten Sie unter dem Link https:\/\/help.instagram.com\/478745558852511\/?helpref=hc_fnav&amp;bc[0]=Instagram-Hilfe&amp;bc[1]=Datenschutz%20und%20Sicherheitsbereich.<\/p>\n\n\n\n<p>Wenn Sie unsere Webseite besuchen, wird via Plug-In eine direkte Verbindung zwischen Ihrem Webbrowser und dem Instagram Server hergestellt. Das gibt Instagram die M\u00f6glichkeit festzustellen, dass Sie mit Ihrer IP-Adresse unsere Webseite besucht haben. Wenn Sie auf den Like-Button klicken, w\u00e4hrend Sie in Ihren Instagram Account eingeloggt sind, kann Instagram Ihre Besuche auf unserer Webseite direkt Ihrem Instagram Account zuordnen. Dasselbe gilt, wenn Sie Inhalte auf unserer Webseite mit eingeloggtem Instagram Account anklicken oder verlinken. Beachten Sie, dass wir als Webseitenbetreiberin weder Kenntnisse \u00fcber Art und Inhalt der an Instagram \u00fcbermittelten Daten haben noch wissen, wie Instagram diese Daten verwertet. Weitere Informationen finden Sie in den Datenschutzrichtlinien von Instagram unter https:\/\/help.instagram.com\/478745558852511\/?helpref=hc_fnav&amp;bc[0]=Instagram-Hilfe&amp;bc[1]=Datenschutz%20und%20Sicherheitsbereich.<\/p>\n\n\n\n<p>Wenn Sie nicht m\u00f6chten, dass Instagram Ihre Besuche auf unserer Webseite mit Ihrem Instagram Account in Verbindung bringt, loggen Sie sich bitte vor dem Besuch unserer Webseite aus Ihrem Instagram Account aus.<\/p>\n\n\n\n<p>LinkedIn Plug-In<\/p>\n\n\n\n<p>Unsere Webseite nutzt Funktionen von LinkedIn. Dieser Service wird von der LinkedIn Corporation, 2029 Stierlin Court, Mountain View, CA 94043, USA zur Verf\u00fcgung gestellt. Immer wenn Sie eine unserer Seiten, die mit einer LinkedIn Verkn\u00fcpfung versehen ist, aufrufen, verbindet sich der Webbrowser mit dem LinkedIn Server und informiert LinkedIn, dass unsere Webseite von Ihrer IP-Adresse aus besucht wurde. Wenn Sie den LinkedIn Recommend-Button benutzen, w\u00e4hrend Sie in Ihren LinkedIn Account eingeloggt sind, kann LinkedIn Ihre Besuche auf unserer Webseite Ihrem LinkedIn Account zuordnen. Beachten Sie, dass wir als Webseitenbetreiberin weder Kenntnisse \u00fcber Art und Inhalt der an LinkedIn \u00fcbermittelten Daten haben noch wissen, wie LinkedIn diese Daten verwertet. Weitere Informationen finden Sie in den Datenschutzrichtlinien von LinkedIn unter https:\/\/www.linkedin.com\/legal\/privacy-policy.<\/p>\n\n\n\n<p>Twitter Plug-In<\/p>\n\n\n\n<p>Unsere Webseite nutzt Funktionen des Twitter Diensts. Dieser Service wird von der Twitter Inc., 1355 Market Street, Suite 900, San Francisco, CA 94103, USA zur Verf\u00fcgung gestellt. Wenn Sie Twitter und die \u00abRetweet\u00bb Funktion benutzen, werden die Webseiten, die Sie besuchen, mit Ihrem Twitter Account verkn\u00fcpft und anderen Benutzern angezeigt. Dabei werden auch Daten an Twitter \u00fcbermittelt. Beachten Sie, dass wir als Webseitenbetreiberin weder Kenntnisse \u00fcber Art und Inhalt der an Twitter \u00fcbermittelten Daten haben noch wissen, wie Twitter diese Daten verwertet. Weitere Informationen finden Sie in den Datenschutzrichtlinien von Twitter unter https:\/\/twitter.com\/privacy. Die Privatsph\u00e4re-Einstellungen bei Twitter lassen sich in Ihrem Nutzerkonto anpassen. Mehr dazu unter https:\/\/twitter.com\/account\/settings.<\/p>\n\n\n\n<p>YouTube<\/p>\n\n\n\n<p>Unsere Webseite nutzt die Einbindungsm\u00f6glichkeit von YouTube Videos, die von YouTube LLC, 901 Cherry Avenue, San Bruno, CA 94066, USA (vertreten durch Google Inc., 1600 Amphitheatre Parkway, Mountain View, CA 94043, USA) angeboten wird. Beim Aufruf einer Seite mit eingebetteten YouTube Videos werden Ihre IP-Adresse an Youtube Server in den USA gesendet und Cookies auf Ihrem Computer installiert. Zur Deaktivierung von Cookies verweisen wir Sie auf den entsprechenden Abschnitt \u201eCookies\u201c in unserer Datenschutzerkl\u00e4rung. Wir achten darauf, dass wir unsere Videos auf YouTube im erweiterten Datenschutzmodus einbinden, sodass zwar der Dienst Double Klick von Google kontaktiert wird, aber Ihre personenbezogenen Daten laut Google nicht mehr ausgewertet werden. Das gilt allerdings nur, wenn Sie sich das Video nicht ansehen. Sobald Sie das Video zum Abspielen anklicken, werden Ihre IP-Adresse und die Information, dass Sie sich das Video angeschaut haben, an YouTube \u00fcbermittelt. Sind Sie hierbei in Ihren YouTube Account eingeloggt, kann YouTube diese Informationen Ihrem Benutzerkonto zuordnen und entsprechend auswerten. Wollen Sie dies verhindern, m\u00fcssen Sie sich zuvor bei Ihrem YouTube Account abmelden. Beachten Sie, dass wir als Webseitenbetreiberin weder Kenntnisse \u00fcber Art und Inhalt der an YouTube \u00fcbermittelten Daten haben noch wissen, wie YouTube diese Daten verwertet. Weitere Informationen finden Sie in den Datenschutzrichtlinien von YouTube unter www.google.de\/intl\/de\/policies\/privacy\/.<\/p>\n\n\n\n<p>Rechte der betroffenen Person<\/p>\n\n\n\n<p>Sie haben nach Art. 15 bis 20 DSGVO und bei Vorliegen aller gesetzlichen Voraussetzungen das Recht auf Auskunft, auf Berichtigung, auf L\u00f6schung, auf Einschr\u00e4nkung der Verarbeitung und auf Daten\u00fcbertragbarkeit. Ausserdem steht Ihnen nach Art. 21 Abs. 1 DSGVO ein Widerspruchsrecht gegen die Verarbeitungen zu, die auf Art. 6 Abs. 1 lit. f DSGVO beruhen sowie gegen die Verarbeitung zum Zwecke von Direktwerbung.<\/p>\n\n\n\n<p>Bei Fragen und Unklarheiten und wenn Sie Ihr Recht nach Art. 15 DSGVO bis Art. 21 Abs. 1 DSGVO geltend machen wollen, wenden Sie sich bitte an<\/p>\n\n\n\n<p>Joker Taxi Haldun \u00d6LCER<\/p>\n\n\n\n<p>Herblingerstrasse 56<\/p>\n\n\n\n<p>CH \u2013 8207 SCHAFFHAUSEN<\/p>\n\n\n\n<p>Sie haben gem\u00e4ss Art. 77 DSGVO das Recht, sich bei der zust\u00e4ndigen Aufsichtsbeh\u00f6rde zu beschweren, wenn Sie der Ansicht sind, dass die Verarbeitung Ihrer personenbezogenen Daten nicht rechtm\u00e4ssig erfolgt.<\/p>\n\n\n\n<p>Sie haben das jederzeitige Widerspruchsrecht auf aufgef\u00fchrte personenbezogene Datenverarbeitungen auf Grundlage unseres berechtigten Interesses nach Art. 6 Abs. 1 lit. f DSGVO. Die Verarbeitung der betroffenen Daten wird nach erfolgtem Widerspruch beendet, ausser wir k\u00f6nnen zwingende schutzw\u00fcrdige Gr\u00fcnde f\u00fcr die Datenverarbeitung nachweisen, die Ihre Interessen, Rechte und Freiheiten \u00fcberwiegen oder wenn die Verarbeitung der Geltendmachung, Aus\u00fcbung oder Verteidigung von Rechtsanspr\u00fcchen dient.<\/p>\n\n\n\n<div class=\"wp-block-group alignfull has-background is-layout-flow wp-block-group-is-layout-flow\" style=\"background-color:#f2f0e9\">\n<div style=\"height:70px\" aria-hidden=\"true\" class=\"wp-block-spacer\"><\/div>\n\n\n\n<div class=\"wp-block-columns alignwide are-vertically-aligned-center is-layout-flex wp-container-core-columns-is-layout-28f84493 wp-block-columns-is-layout-flex\">\n<div class=\"wp-block-column is-layout-flow wp-block-column-is-layout-flow\" style=\"flex-basis:50%\">\n<p class=\"has-text-color\" style=\"color:#000000;font-size:30px;line-height:1.1\">Unsere (Joker Taxi) AGB<\/p>\n<\/div>\n<\/div>\n\n\n\n<div class=\"wp-block-columns alignwide is-layout-flex wp-container-core-columns-is-layout-28f84493 wp-block-columns-is-layout-flex\">\n<div class=\"wp-block-column is-layout-flow wp-block-column-is-layout-flow\">\n<p class=\"has-text-color has-extra-small-font-size\" style=\"color:#000000\">AGB<br>Joker Taxi Haldun \u00d6LCER ist eine Taxi-Dienstleistungsbetrieb<br>1. Geltungsbereich<br>Diese Allgemeinen Gesch\u00e4ftsbedingungen (AGB) gelten f\u00fcr den Gesch\u00e4ftsbereich der Taxidienstleistungen der Firma Joker Taxi Haldun \u00d6LCER \u201c an der Herblingerstrasse 56, 8207 SCHAFFHAUSEN. Joker Taxi Haldun \u00d6LCER besitzt und betreibt dieser und noch weitere Dienstleistungen und Webseiten, die auf der entgeltliche Fahrten f\u00fcr Kunden erbringt. Diese AGB gelten f\u00fcr die obengenannten Bereiche sowie die weiteren Dienstleistungen, welche Die Joker Taxi Haldun \u00d6LCER direkt und indirekt gegen\u00fcber dem Kunden erbringt.<br>2. Vereinbarung der AGB<br>Durch den Zugriff auf die Website https:\/\/www.jokertaxi-sh.ch, https:\/\/www.taxischaffhausen.com, oder die Registrierung bzw. Nutzung der \u201eBESTELLUNG\u201c durch die Telefonnummer \u201e0762059999\u201c sowie der Webseite akzeptiert der Kunde die Geltung der vorliegenden AGB. Der Kunde ist deshalb gebeten, die allgemeinen Gesch\u00e4ftsbedingungen sorgf\u00e4ltig zu lesen, bevor die Plattformen genutzt werden.<br>3. \u00c4nderung der AGB<br>Die Joker Taxi Haldun \u00d6LCER beh\u00e4lt sich das Recht vor, die AGB zu jederzeit zu \u00e4ndern. Diese \u00c4nderungen werden an dieser Stelle ver\u00f6ffentlicht und bilden sodann Vertragsbestandteil, wenn der Kunde diese \u00c4nderung akzeptiert. Eine Nachricht Joker Taxi Haldun \u00d6LCER an die E-Mail-Adresse des Kunden reicht hierf\u00fcr. Insofern der Kunde nicht innert vier Wochen widerspricht, gilt die Zustimmung als erteilt. Auf die Nutzung durch den Kunden finden jeweils diejenigen allgemeinen Gesch\u00e4ftsbedingungen Anwendung, die zu dem Zeitpunkt der Fahrten-Bestellung in Kraft sind.<br>4. Vertragsabschluss<br>Der Vertragsabschluss kommt durch die Akzeptanz der Nutzung, die BESTELLUNG der Joker Taxi Haldun \u00d6LCER zustande. Der Vertrag kommt des Weiteren zustande, wenn der Kunde die von der Joker Taxi Haldun \u00d6LCER angebotenen Dienstleistungen in Anspruch nimmt oder ihre Produkte bezieht oder benutzt.<br>5. Bezahlung der Leistungen<br>Alle Preise verstehen sich \u2013 insofern nichts anderes vereinbart &#8211; in Schweizer Franken (CHF) und inkl. Mehrwertsteuer (MwSt.). Die Preise richten sich nach den offiziellen Taxi-Tarifen der Stadt Schaffhausen<br>Die Bezahlung durch den Kunden muss \u00fcber das im Taxi, bar, mit Kreditkarte, Maestro-Karte oder anderen zur Verf\u00fcgung stehenden Zahlungsmitteln erfolgen. Joker Taxi Haldun \u00d6LCER beh\u00e4lt sich vor, jederzeit ohne Angabe von Gr\u00fcnden Vorauskasse zu verlangen.<br>Joker Taxi Haldun \u00d6LCER kann nach eigenem Ermessen Gutscheine oder Rabatte vergeben. Der Kunde gibt durch die Akzeptanz der AGB sein Einverst\u00e4ndnis, diese Gutscheine und Rabatte ohne ausdr\u00fcckliches Einverst\u00e4ndnis durch die Joker Taxi Haldun \u00d6LCER nicht zu duplizieren, zu verkaufen oder zu \u00fcbertragen bzw. der \u00d6ffentlichkeit in irgendeiner Weise zur Verf\u00fcgung zu stellen.<br>Joker Taxi Haldun \u00d6LCER beh\u00e4lt sich das Recht vor, Gutscheine oder Rabatte zur\u00fcckzufordern bzw. vom Konto des Kunden abzuziehen, insofern die Einl\u00f6sung der Gutscheine oder Rabatte auf einen Verstoss gegen die g\u00fcltigen AGB, auf eine Rechtswidrigkeit oder auf Betrug zur\u00fcckzuf\u00fchren ist.<br>6. Gew\u00e4hrleistung<br>Joker Taxi Haldun \u00d6LCER ist bem\u00fcht, sich um eine gute Verf\u00fcgbarkeit der Taxifahrzeug und der Webseite zu k\u00fcmmern und diese vor Eingriffen Dritter zu sch\u00fctzen. Bei hohem Fahrgastaufkommen am Bahnhof Schaffhausen beh\u00e4lt sich Joker Taxi Haldun \u00d6LCER vor, die Funktion \u201eTelefon, App, Website\u201c f\u00fcr eine gewisse Zeitdauer zu deaktivieren.<br>7. Haftung<br>Der Kunde verpflichtet sich, die Websiten https:\/\/www.jokertaxi-sh.ch, https:\/\/www.taxischaffhausen.com, so zu nutzen, dass keine Beeintr\u00e4chtigungen, \u00dcberlastungen oder Sch\u00e4den auftreten und der mit diesen Anwendungen verfolgte Zweck weder gef\u00e4hrdet noch umgangen wird.<br>Zudem ist der Kunde alleinig f\u00fcr die in seinem Website-Profil hinterlegten Informationen wie Benutzernamen, Passw\u00f6rter und pers\u00f6nliche Angaben verantwortlich und verpflichtet sich, diese sicher zu verwahren und geheim zu halten. Joker Taxi Haldun \u00d6LCER haftet nur soweit die Ursache des Schadens auf einer vors\u00e4tzlichen oder grobfahrl\u00e4ssigen Pflichtverletzung beruht und nur bis zur H\u00f6he des jeweiligen Fahrtenpreises. Die Haftung f\u00fcr jegliche indirekten Sch\u00e4den und Mangelfolgesch\u00e4den wird vollumf\u00e4nglich ausgeschlossen. Bei direkten Sch\u00e4den beschr\u00e4nkt sich die Haftung durch die Joker Taxi Haldun \u00d6LCER auf den Betrag des Fahrpreises, insofern die direkten Sch\u00e4den nicht durch Grobfahrl\u00e4ssigkeit oder Vorsatz verursacht wurden. Der Kunde verpflichtet sich, allf\u00e4llige Sch\u00e4den oder M\u00e4ngel umgehend an die Joker Taxi Haldun \u00d6LCER zu melden. Jegliche Haftung f\u00fcr Drittpersonen wird vollumf\u00e4nglich ausgeschlossen.<br>Es gilt ausschliesslich schweizerisches Recht. Gerichtsstand ist Schaffhausen<br>8. Immaterialg\u00fcterrechte<br>S\u00e4mtliche Rechte an den Produkten, Dienstleistungen und allf\u00e4lligen Marken stehen der Joker Taxi Haldun \u00d6LCER zu.<\/p>\n\n\n\n<p class=\"has-text-color has-extra-small-font-size\" style=\"color:#000000\">Verwendet der Kunde im Zusammenhang mit der Firma Inhalte, Texte oder bildliches Material, an welche Dritte ein Schutzrecht haben, hat der Kunde sicherzustellen, dass diese Schutzrechte nicht verletzt werden.<br>9. Datenschutz<br>Die Firma nutzt und verarbeitet personenbezogene Daten nur, soweit dies nach dem Bundesgesetz \u00fcber den Datenschutz rechtm\u00e4ssig und erlaubt ist. Die Daten werden genutzt, soweit dies f\u00fcr die Erbringung der Leistungen, die Nutzung und den Betrieb der auf der Webseite und in der App angebotenen Dienstleistungen erforderlich ist. Personenbezogene Daten werden nicht an Dritte weitergegeben und nur f\u00fcr interne Zwecke benutzt.<br>10. Datenschutzerkl\u00e4rung f\u00fcr die Nutzung von Google Analytics<br>Diese Website benutzt Google Analytics, einen Webanalysedienst der Google Inc. (\u00abGoogle\u00bb). Google Analytics verwendet sog. \u00abCookies\u00bb. Dies sind Dateien, die auf Ihrem Computer gespeichert werden und die eine Analyse der Benutzung der Website durch Sie erm\u00f6glichen.<br>Die durch das Cookie erzeugten Informationen \u00fcber Ihre Benutzung dieser Website werden in der Regel an einen Server von Google in den USA \u00fcbertragen und dort gespeichert. Im Falle der Aktivierung der IP-Anonymisierung auf dieser Webseite wird Ihre IP-Adresse von Google jedoch innerhalb von Mitgliedstaaten der Europ\u00e4ischen Union oder in anderen Vertragsstaaten des Abkommens \u00fcber den Europ\u00e4ischen Wirtschaftsraum zuvor gek\u00fcrzt. Nur in Ausnahmef\u00e4llen wird die volle IP-Adresse an einen Server von Google in den USA \u00fcbertragen und dort gek\u00fcrzt. Google wird diese Informationen benutzen, um Ihre Nutzung der Website auszuwerten, um Reports \u00fcber die Websiteaktivit\u00e4ten f\u00fcr die Websitebetreiber zusammenzustellen und um weitere mit der Websitenutzung und der Internetnutzung verbundene Dienstleistungen zu erbringen. Auch wird Google diese Informationen gegebenenfalls an Dritte \u00fcbertragen, sofern dies gesetzlich vorgeschrieben oder soweit Dritte diese Daten im Auftrag von Google verarbeiten. Die im Rahmen von Google Analytics von Ihrem Browser \u00fcbermittelte IP-Adresse wird nicht mit anderen Daten von Google zusammengef\u00fchrt. Sie k\u00f6nnen die Installation der Cookies durch eine entsprechende Einstellung Ihrer Browser Software verhindern; wir weisen Sie jedoch darauf hin, dass Sie in diesem Fall gegebenenfalls nicht s\u00e4mtliche Funktionen dieser Website voll umf\u00e4nglich nutzen k\u00f6nnen. Durch die Nutzung dieser Website erkl\u00e4ren Sie sich mit der Bearbeitung der \u00fcber Sie erhobenen Daten durch Google in der zuvor beschriebenen Art und Weise und zu dem zuvor benannten Zweck einverstanden.<br>11. Salvatorische Klausel<br>Sollten eine oder mehrere Bestimmungen dieser AGB unwirksam sein oder werden, so ber\u00fchrt oder beeintr\u00e4chtigt dies die G\u00fcltigkeit und Vollstreckbarkeit der \u00fcbrigen Bestimmungen nicht. Die Joker Taxi Haldun \u00d6LCER verpflichtet sich f\u00fcr diesen Fall, die unwirksame Regelung durch eine rechtswirksame Ersatzregelung zu ersetzen, die den wirtschaftlichen Absichten der urspr\u00fcnglichen Regelung m\u00f6glichst nahe kommt.<\/p>\n<\/div>\n<\/div>\n\n\n\n<div style=\"height:40px\" aria-hidden=\"true\" class=\"wp-block-spacer\"><\/div>\n<\/div>\n","protected":false},"excerpt":{"rendered":"<p>DATENSCHUTZERKL\u00c4RUNG Der Datenschutz ist f\u00fcr uns sehr wichtig. Nachstehend informieren wir Sie \u00fcber den Umgang mit Ihren Daten. Soweit nachfolgend keine anderen Angaben gemacht werden, ist das Bereitstellen Ihrer personenbezogenen Daten weder gesetzlich noch vertraglich vorgeschrieben. Sie sind nicht verpflichtet, Ihre Daten bereitzustellen und eine Nichtbereitstellung hat keine Folgen. Dies gilt nur, soweit bei den [&hellip;]<\/p>\n","protected":false},"author":1,"featured_media":0,"parent":0,"menu_order":0,"comment_status":"closed","ping_status":"closed","template":"","meta":{"footnotes":""},"class_list":["post-38","page","type-page","status-publish","hentry"],"aioseo_notices":[],"_links":{"self":[{"href":"https:\/\/jokertaxi-sh.ch\/index.php?rest_route=\/wp\/v2\/pages\/38","targetHints":{"allow":["GET"]}}],"collection":[{"href":"https:\/\/jokertaxi-sh.ch\/index.php?rest_route=\/wp\/v2\/pages"}],"about":[{"href":"https:\/\/jokertaxi-sh.ch\/index.php?rest_route=\/wp\/v2\/types\/page"}],"author":[{"embeddable":true,"href":"https:\/\/jokertaxi-sh.ch\/index.php?rest_route=\/wp\/v2\/users\/1"}],"replies":[{"embeddable":true,"href":"https:\/\/jokertaxi-sh.ch\/index.php?rest_route=%2Fwp%2Fv2%2Fcomments&post=38"}],"version-history":[{"count":1,"href":"https:\/\/jokertaxi-sh.ch\/index.php?rest_route=\/wp\/v2\/pages\/38\/revisions"}],"predecessor-version":[{"id":39,"href":"https:\/\/jokertaxi-sh.ch\/index.php?rest_route=\/wp\/v2\/pages\/38\/revisions\/39"}],"wp:attachment":[{"href":"https:\/\/jokertaxi-sh.ch\/index.php?rest_route=%2Fwp%2Fv2%2Fmedia&parent=38"}],"curies":[{"name":"wp","href":"https:\/\/api.w.org\/{rel}","templated":true}]}}